{"id":104,"date":"2025-12-08T15:58:01","date_gmt":"2025-12-08T15:58:01","guid":{"rendered":"https:\/\/www.g2.sc1mhpg4736.universe.wf\/?page_id=104"},"modified":"2026-03-25T11:11:30","modified_gmt":"2026-03-25T11:11:30","slug":"la-carte","status":"publish","type":"page","link":"https:\/\/www.labanque-sancerre.fr\/en\/la-carte\/","title":{"rendered":"The menu"},"content":{"rendered":"","protected":false},"excerpt":{"rendered":"","protected":false},"author":1,"featured_media":0,"parent":0,"menu_order":0,"comment_status":"closed","ping_status":"closed","template":"","meta":{"footnotes":""},"class_list":["post-104","page","type-page","status-publish","hentry"],"yoast_head":"<!-- This site is optimized with the Yoast SEO plugin v27.3 - https:\/\/yoast.com\/product\/yoast-seo-wordpress\/ -->\n<title>La carte - La Banque - Sancerre - Bar \u00e0 vins, cocktails, bi\u00e8res artisanales locales et tapas<\/title>\n<meta name=\"description\" content=\"La carte de la Banque vous propose : 180 r\u00e9f\u00e9rences de vin, de Sancerre et de toute la France, des bi\u00e8res artisanales, cocktails et tapas !\" \/>\n<meta name=\"robots\" content=\"index, follow, max-snippet:-1, max-image-preview:large, max-video-preview:-1\" \/>\n<link rel=\"canonical\" href=\"https:\/\/www.labanque-sancerre.fr\/en\/la-carte\/\" \/>\n<meta property=\"og:locale\" content=\"en_US\" \/>\n<meta property=\"og:type\" content=\"article\" \/>\n<meta property=\"og:title\" content=\"La carte - La Banque - Sancerre - Bar \u00e0 vins, cocktails, bi\u00e8res artisanales locales et tapas\" \/>\n<meta property=\"og:description\" content=\"La carte de la Banque vous propose : 180 r\u00e9f\u00e9rences de vin, de Sancerre et de toute la France, des bi\u00e8res artisanales, cocktails et tapas !\" \/>\n<meta property=\"og:url\" content=\"https:\/\/www.labanque-sancerre.fr\/en\/la-carte\/\" \/>\n<meta property=\"og:site_name\" content=\"La Banque - Sancerre\" \/>\n<meta property=\"article:modified_time\" content=\"2026-03-25T11:11:30+00:00\" \/>\n<meta name=\"twitter:card\" content=\"summary_large_image\" \/>\n<meta name=\"twitter:label1\" content=\"Est. reading time\" \/>\n\t<meta name=\"twitter:data1\" content=\"3 minutes\" \/>\n<script type=\"application\/ld+json\" class=\"yoast-schema-graph\">{\"@context\":\"https:\\\/\\\/schema.org\",\"@graph\":[{\"@type\":[\"WebPage\",\"CollectionPage\"],\"@id\":\"https:\\\/\\\/www.labanque-sancerre.fr\\\/la-carte\\\/\",\"url\":\"https:\\\/\\\/www.labanque-sancerre.fr\\\/la-carte\\\/\",\"name\":\"La carte - La Banque - Sancerre - Bar \u00e0 vins, cocktails, bi\u00e8res artisanales locales et tapas\",\"isPartOf\":{\"@id\":\"https:\\\/\\\/www.labanque-sancerre.fr\\\/#website\"},\"datePublished\":\"2025-12-08T15:58:01+00:00\",\"dateModified\":\"2026-03-25T11:11:30+00:00\",\"description\":\"La carte de la Banque vous propose : 180 r\u00e9f\u00e9rences de vin, de Sancerre et de toute la France, des bi\u00e8res artisanales, cocktails et tapas !\",\"breadcrumb\":{\"@id\":\"https:\\\/\\\/www.labanque-sancerre.fr\\\/la-carte\\\/#breadcrumb\"},\"inLanguage\":\"en-US\"},{\"@type\":\"BreadcrumbList\",\"@id\":\"https:\\\/\\\/www.labanque-sancerre.fr\\\/la-carte\\\/#breadcrumb\",\"itemListElement\":[{\"@type\":\"ListItem\",\"position\":1,\"name\":\"Accueil\",\"item\":\"https:\\\/\\\/www.labanque-sancerre.fr\\\/\"},{\"@type\":\"ListItem\",\"position\":2,\"name\":\"La carte\"}]},{\"@type\":\"WebSite\",\"@id\":\"https:\\\/\\\/www.labanque-sancerre.fr\\\/#website\",\"url\":\"https:\\\/\\\/www.labanque-sancerre.fr\\\/\",\"name\":\"La Banque - Sancerre\",\"description\":\"La Banque, bar \u00e0 vins en plein coeur de Sancerre\",\"potentialAction\":[{\"@type\":\"SearchAction\",\"target\":{\"@type\":\"EntryPoint\",\"urlTemplate\":\"https:\\\/\\\/www.labanque-sancerre.fr\\\/?s={search_term_string}\"},\"query-input\":{\"@type\":\"PropertyValueSpecification\",\"valueRequired\":true,\"valueName\":\"search_term_string\"}}],\"inLanguage\":\"en-US\"}]}<\/script>\n<!-- \/ Yoast SEO plugin. -->","yoast_head_json":{"title":"La carte - La Banque - Sancerre - Bar \u00e0 vins, cocktails, bi\u00e8res artisanales locales et tapas","description":"La carte de la Banque vous propose : 180 r\u00e9f\u00e9rences de vin, de Sancerre et de toute la France, des bi\u00e8res artisanales, cocktails et tapas !","robots":{"index":"index","follow":"follow","max-snippet":"max-snippet:-1","max-image-preview":"max-image-preview:large","max-video-preview":"max-video-preview:-1"},"canonical":"https:\/\/www.labanque-sancerre.fr\/en\/la-carte\/","og_locale":"en_US","og_type":"article","og_title":"La carte - La Banque - Sancerre - Bar \u00e0 vins, cocktails, bi\u00e8res artisanales locales et tapas","og_description":"La carte de la Banque vous propose : 180 r\u00e9f\u00e9rences de vin, de Sancerre et de toute la France, des bi\u00e8res artisanales, cocktails et tapas !","og_url":"https:\/\/www.labanque-sancerre.fr\/en\/la-carte\/","og_site_name":"La Banque - Sancerre","article_modified_time":"2026-03-25T11:11:30+00:00","twitter_card":"summary_large_image","twitter_misc":{"Est. reading time":"3 minutes"},"schema":{"@context":"https:\/\/schema.org","@graph":[{"@type":["WebPage","CollectionPage"],"@id":"https:\/\/www.labanque-sancerre.fr\/la-carte\/","url":"https:\/\/www.labanque-sancerre.fr\/la-carte\/","name":"La carte - La Banque - Sancerre - Bar \u00e0 vins, cocktails, bi\u00e8res artisanales locales et tapas","isPartOf":{"@id":"https:\/\/www.labanque-sancerre.fr\/#website"},"datePublished":"2025-12-08T15:58:01+00:00","dateModified":"2026-03-25T11:11:30+00:00","description":"La carte de la Banque vous propose : 180 r\u00e9f\u00e9rences de vin, de Sancerre et de toute la France, des bi\u00e8res artisanales, cocktails et tapas !","breadcrumb":{"@id":"https:\/\/www.labanque-sancerre.fr\/la-carte\/#breadcrumb"},"inLanguage":"en-US"},{"@type":"BreadcrumbList","@id":"https:\/\/www.labanque-sancerre.fr\/la-carte\/#breadcrumb","itemListElement":[{"@type":"ListItem","position":1,"name":"Accueil","item":"https:\/\/www.labanque-sancerre.fr\/"},{"@type":"ListItem","position":2,"name":"La carte"}]},{"@type":"WebSite","@id":"https:\/\/www.labanque-sancerre.fr\/#website","url":"https:\/\/www.labanque-sancerre.fr\/","name":"La Banque - Sancerre","description":"La Banque, bar \u00e0 vins en plein coeur de Sancerre","potentialAction":[{"@type":"SearchAction","target":{"@type":"EntryPoint","urlTemplate":"https:\/\/www.labanque-sancerre.fr\/?s={search_term_string}"},"query-input":{"@type":"PropertyValueSpecification","valueRequired":true,"valueName":"search_term_string"}}],"inLanguage":"en-US"}]}},"_links":{"self":[{"href":"https:\/\/www.labanque-sancerre.fr\/en\/wp-json\/wp\/v2\/pages\/104","targetHints":{"allow":["GET"]}}],"collection":[{"href":"https:\/\/www.labanque-sancerre.fr\/en\/wp-json\/wp\/v2\/pages"}],"about":[{"href":"https:\/\/www.labanque-sancerre.fr\/en\/wp-json\/wp\/v2\/types\/page"}],"author":[{"embeddable":true,"href":"https:\/\/www.labanque-sancerre.fr\/en\/wp-json\/wp\/v2\/users\/1"}],"replies":[{"embeddable":true,"href":"https:\/\/www.labanque-sancerre.fr\/en\/wp-json\/wp\/v2\/comments?post=104"}],"version-history":[{"count":100,"href":"https:\/\/www.labanque-sancerre.fr\/en\/wp-json\/wp\/v2\/pages\/104\/revisions"}],"predecessor-version":[{"id":3544,"href":"https:\/\/www.labanque-sancerre.fr\/en\/wp-json\/wp\/v2\/pages\/104\/revisions\/3544"}],"wp:attachment":[{"href":"https:\/\/www.labanque-sancerre.fr\/en\/wp-json\/wp\/v2\/media?parent=104"}],"curies":[{"name":"wp","href":"https:\/\/api.w.org\/{rel}","templated":true}]}}