{"id":108,"date":"2025-12-08T15:53:26","date_gmt":"2025-12-08T15:53:26","guid":{"rendered":"https:\/\/www.g2.sc1mhpg4736.universe.wf\/?page_id=108"},"modified":"2026-04-10T09:15:23","modified_gmt":"2026-04-10T09:15:23","slug":"notre-terroir-et-nous","status":"publish","type":"page","link":"https:\/\/www.labanque-sancerre.fr\/en\/notre-terroir-et-nous\/","title":{"rendered":"Our terroir and us"},"content":{"rendered":"","protected":false},"excerpt":{"rendered":"","protected":false},"author":1,"featured_media":0,"parent":0,"menu_order":0,"comment_status":"closed","ping_status":"closed","template":"","meta":{"footnotes":""},"class_list":["post-108","page","type-page","status-publish","hentry"],"yoast_head":"<!-- This site is optimized with the Yoast SEO plugin v27.3 - https:\/\/yoast.com\/product\/yoast-seo-wordpress\/ -->\n<title>Notre terroir et nous - La Banque - Sancerre - Produits exclusifs, locales et de qualit\u00e9<\/title>\n<meta name=\"description\" content=\"D\u00e9couvrez notre vision du bar \u00e0 vin sancerrois. La Banque, c&#039;est un \u00e9crin de plaisir, entour\u00e9 de patrimoine \u00e0 visiter et \u00e0 d\u00e9guster !\" \/>\n<meta name=\"robots\" content=\"index, follow, max-snippet:-1, max-image-preview:large, max-video-preview:-1\" \/>\n<link rel=\"canonical\" href=\"https:\/\/www.labanque-sancerre.fr\/en\/notre-terroir-et-nous\/\" \/>\n<meta property=\"og:locale\" content=\"en_US\" \/>\n<meta property=\"og:type\" content=\"article\" \/>\n<meta property=\"og:title\" content=\"Notre terroir et nous - La Banque - Sancerre - Produits exclusifs, locales et de qualit\u00e9\" \/>\n<meta property=\"og:description\" content=\"D\u00e9couvrez notre vision du bar \u00e0 vin sancerrois. La Banque, c&#039;est un \u00e9crin de plaisir, entour\u00e9 de patrimoine \u00e0 visiter et \u00e0 d\u00e9guster !\" \/>\n<meta property=\"og:url\" content=\"https:\/\/www.labanque-sancerre.fr\/en\/notre-terroir-et-nous\/\" \/>\n<meta property=\"og:site_name\" content=\"La Banque - Sancerre\" \/>\n<meta property=\"article:modified_time\" content=\"2026-04-10T09:15:23+00:00\" \/>\n<meta name=\"twitter:card\" content=\"summary_large_image\" \/>\n<meta name=\"twitter:label1\" content=\"Est. reading time\" \/>\n\t<meta name=\"twitter:data1\" content=\"2 minutes\" \/>\n<script type=\"application\/ld+json\" class=\"yoast-schema-graph\">{\"@context\":\"https:\\\/\\\/schema.org\",\"@graph\":[{\"@type\":[\"WebPage\",\"AboutPage\"],\"@id\":\"https:\\\/\\\/www.labanque-sancerre.fr\\\/notre-terroir-et-nous\\\/\",\"url\":\"https:\\\/\\\/www.labanque-sancerre.fr\\\/notre-terroir-et-nous\\\/\",\"name\":\"Notre terroir et nous - La Banque - Sancerre - Produits exclusifs, locales et de qualit\u00e9\",\"isPartOf\":{\"@id\":\"https:\\\/\\\/www.labanque-sancerre.fr\\\/#website\"},\"datePublished\":\"2025-12-08T15:53:26+00:00\",\"dateModified\":\"2026-04-10T09:15:23+00:00\",\"description\":\"D\u00e9couvrez notre vision du bar \u00e0 vin sancerrois. La Banque, c'est un \u00e9crin de plaisir, entour\u00e9 de patrimoine \u00e0 visiter et \u00e0 d\u00e9guster !\",\"breadcrumb\":{\"@id\":\"https:\\\/\\\/www.labanque-sancerre.fr\\\/notre-terroir-et-nous\\\/#breadcrumb\"},\"inLanguage\":\"en-US\",\"potentialAction\":[{\"@type\":\"ReadAction\",\"target\":[\"https:\\\/\\\/www.labanque-sancerre.fr\\\/notre-terroir-et-nous\\\/\"]}]},{\"@type\":\"BreadcrumbList\",\"@id\":\"https:\\\/\\\/www.labanque-sancerre.fr\\\/notre-terroir-et-nous\\\/#breadcrumb\",\"itemListElement\":[{\"@type\":\"ListItem\",\"position\":1,\"name\":\"Accueil\",\"item\":\"https:\\\/\\\/www.labanque-sancerre.fr\\\/\"},{\"@type\":\"ListItem\",\"position\":2,\"name\":\"Notre terroir et nous\"}]},{\"@type\":\"WebSite\",\"@id\":\"https:\\\/\\\/www.labanque-sancerre.fr\\\/#website\",\"url\":\"https:\\\/\\\/www.labanque-sancerre.fr\\\/\",\"name\":\"La Banque - Sancerre\",\"description\":\"La Banque, bar \u00e0 vins en plein coeur de Sancerre\",\"potentialAction\":[{\"@type\":\"SearchAction\",\"target\":{\"@type\":\"EntryPoint\",\"urlTemplate\":\"https:\\\/\\\/www.labanque-sancerre.fr\\\/?s={search_term_string}\"},\"query-input\":{\"@type\":\"PropertyValueSpecification\",\"valueRequired\":true,\"valueName\":\"search_term_string\"}}],\"inLanguage\":\"en-US\"}]}<\/script>\n<!-- \/ Yoast SEO plugin. -->","yoast_head_json":{"title":"Notre terroir et nous - La Banque - Sancerre - Produits exclusifs, locales et de qualit\u00e9","description":"D\u00e9couvrez notre vision du bar \u00e0 vin sancerrois. La Banque, c'est un \u00e9crin de plaisir, entour\u00e9 de patrimoine \u00e0 visiter et \u00e0 d\u00e9guster !","robots":{"index":"index","follow":"follow","max-snippet":"max-snippet:-1","max-image-preview":"max-image-preview:large","max-video-preview":"max-video-preview:-1"},"canonical":"https:\/\/www.labanque-sancerre.fr\/en\/notre-terroir-et-nous\/","og_locale":"en_US","og_type":"article","og_title":"Notre terroir et nous - La Banque - Sancerre - Produits exclusifs, locales et de qualit\u00e9","og_description":"D\u00e9couvrez notre vision du bar \u00e0 vin sancerrois. La Banque, c'est un \u00e9crin de plaisir, entour\u00e9 de patrimoine \u00e0 visiter et \u00e0 d\u00e9guster !","og_url":"https:\/\/www.labanque-sancerre.fr\/en\/notre-terroir-et-nous\/","og_site_name":"La Banque - Sancerre","article_modified_time":"2026-04-10T09:15:23+00:00","twitter_card":"summary_large_image","twitter_misc":{"Est. reading time":"2 minutes"},"schema":{"@context":"https:\/\/schema.org","@graph":[{"@type":["WebPage","AboutPage"],"@id":"https:\/\/www.labanque-sancerre.fr\/notre-terroir-et-nous\/","url":"https:\/\/www.labanque-sancerre.fr\/notre-terroir-et-nous\/","name":"Notre terroir et nous - La Banque - Sancerre - Produits exclusifs, locales et de qualit\u00e9","isPartOf":{"@id":"https:\/\/www.labanque-sancerre.fr\/#website"},"datePublished":"2025-12-08T15:53:26+00:00","dateModified":"2026-04-10T09:15:23+00:00","description":"D\u00e9couvrez notre vision du bar \u00e0 vin sancerrois. La Banque, c'est un \u00e9crin de plaisir, entour\u00e9 de patrimoine \u00e0 visiter et \u00e0 d\u00e9guster !","breadcrumb":{"@id":"https:\/\/www.labanque-sancerre.fr\/notre-terroir-et-nous\/#breadcrumb"},"inLanguage":"en-US","potentialAction":[{"@type":"ReadAction","target":["https:\/\/www.labanque-sancerre.fr\/notre-terroir-et-nous\/"]}]},{"@type":"BreadcrumbList","@id":"https:\/\/www.labanque-sancerre.fr\/notre-terroir-et-nous\/#breadcrumb","itemListElement":[{"@type":"ListItem","position":1,"name":"Accueil","item":"https:\/\/www.labanque-sancerre.fr\/"},{"@type":"ListItem","position":2,"name":"Notre terroir et nous"}]},{"@type":"WebSite","@id":"https:\/\/www.labanque-sancerre.fr\/#website","url":"https:\/\/www.labanque-sancerre.fr\/","name":"La Banque - Sancerre","description":"La Banque, bar \u00e0 vins en plein coeur de Sancerre","potentialAction":[{"@type":"SearchAction","target":{"@type":"EntryPoint","urlTemplate":"https:\/\/www.labanque-sancerre.fr\/?s={search_term_string}"},"query-input":{"@type":"PropertyValueSpecification","valueRequired":true,"valueName":"search_term_string"}}],"inLanguage":"en-US"}]}},"_links":{"self":[{"href":"https:\/\/www.labanque-sancerre.fr\/en\/wp-json\/wp\/v2\/pages\/108","targetHints":{"allow":["GET"]}}],"collection":[{"href":"https:\/\/www.labanque-sancerre.fr\/en\/wp-json\/wp\/v2\/pages"}],"about":[{"href":"https:\/\/www.labanque-sancerre.fr\/en\/wp-json\/wp\/v2\/types\/page"}],"author":[{"embeddable":true,"href":"https:\/\/www.labanque-sancerre.fr\/en\/wp-json\/wp\/v2\/users\/1"}],"replies":[{"embeddable":true,"href":"https:\/\/www.labanque-sancerre.fr\/en\/wp-json\/wp\/v2\/comments?post=108"}],"version-history":[{"count":99,"href":"https:\/\/www.labanque-sancerre.fr\/en\/wp-json\/wp\/v2\/pages\/108\/revisions"}],"predecessor-version":[{"id":3557,"href":"https:\/\/www.labanque-sancerre.fr\/en\/wp-json\/wp\/v2\/pages\/108\/revisions\/3557"}],"wp:attachment":[{"href":"https:\/\/www.labanque-sancerre.fr\/en\/wp-json\/wp\/v2\/media?parent=108"}],"curies":[{"name":"wp","href":"https:\/\/api.w.org\/{rel}","templated":true}]}}