{"id":116,"date":"2025-12-08T16:00:24","date_gmt":"2025-12-08T16:00:24","guid":{"rendered":"https:\/\/www.g2.sc1mhpg4736.universe.wf\/?page_id=116"},"modified":"2026-04-10T09:16:31","modified_gmt":"2026-04-10T09:16:31","slug":"votre-evenement","status":"publish","type":"page","link":"https:\/\/www.labanque-sancerre.fr\/en\/votre-evenement\/","title":{"rendered":"Votre \u00e9v\u00e9nement"},"content":{"rendered":"","protected":false},"excerpt":{"rendered":"","protected":false},"author":1,"featured_media":0,"parent":0,"menu_order":0,"comment_status":"closed","ping_status":"closed","template":"","meta":{"footnotes":""},"class_list":["post-116","page","type-page","status-publish","hentry"],"yoast_head":"<!-- This site is optimized with the Yoast SEO plugin v27.3 - https:\/\/yoast.com\/product\/yoast-seo-wordpress\/ -->\n<title>Votre \u00e9v\u00e9nement sur mesure - La Banque - Sancerre<\/title>\n<meta name=\"description\" content=\"S\u00e9minaires, privatisation du bar et \u00e9v\u00e8nements ext\u00e9rieurs autour de Sancerre, la banque s&#039;adapte et donne vie \u00e0 vos projets \u00e9v\u00e8nementiels !\" \/>\n<meta name=\"robots\" content=\"index, follow, max-snippet:-1, max-image-preview:large, max-video-preview:-1\" \/>\n<link rel=\"canonical\" href=\"https:\/\/www.labanque-sancerre.fr\/en\/votre-evenement\/\" \/>\n<meta property=\"og:locale\" content=\"en_US\" \/>\n<meta property=\"og:type\" content=\"article\" \/>\n<meta property=\"og:title\" content=\"Votre \u00e9v\u00e9nement sur mesure - La Banque - Sancerre\" \/>\n<meta property=\"og:description\" content=\"S\u00e9minaires, privatisation du bar et \u00e9v\u00e8nements ext\u00e9rieurs autour de Sancerre, la banque s&#039;adapte et donne vie \u00e0 vos projets \u00e9v\u00e8nementiels !\" \/>\n<meta property=\"og:url\" content=\"https:\/\/www.labanque-sancerre.fr\/en\/votre-evenement\/\" \/>\n<meta property=\"og:site_name\" content=\"La Banque - Sancerre\" \/>\n<meta property=\"article:modified_time\" content=\"2026-04-10T09:16:31+00:00\" \/>\n<meta name=\"twitter:card\" content=\"summary_large_image\" \/>\n<meta name=\"twitter:label1\" content=\"Est. reading time\" \/>\n\t<meta name=\"twitter:data1\" content=\"2 minutes\" \/>\n<script type=\"application\/ld+json\" class=\"yoast-schema-graph\">{\"@context\":\"https:\\\/\\\/schema.org\",\"@graph\":[{\"@type\":\"WebPage\",\"@id\":\"https:\\\/\\\/www.labanque-sancerre.fr\\\/votre-evenement\\\/\",\"url\":\"https:\\\/\\\/www.labanque-sancerre.fr\\\/votre-evenement\\\/\",\"name\":\"Votre \u00e9v\u00e9nement sur mesure - La Banque - Sancerre\",\"isPartOf\":{\"@id\":\"https:\\\/\\\/www.labanque-sancerre.fr\\\/#website\"},\"datePublished\":\"2025-12-08T16:00:24+00:00\",\"dateModified\":\"2026-04-10T09:16:31+00:00\",\"description\":\"S\u00e9minaires, privatisation du bar et \u00e9v\u00e8nements ext\u00e9rieurs autour de Sancerre, la banque s'adapte et donne vie \u00e0 vos projets \u00e9v\u00e8nementiels !\",\"breadcrumb\":{\"@id\":\"https:\\\/\\\/www.labanque-sancerre.fr\\\/votre-evenement\\\/#breadcrumb\"},\"inLanguage\":\"en-US\",\"potentialAction\":[{\"@type\":\"ReadAction\",\"target\":[\"https:\\\/\\\/www.labanque-sancerre.fr\\\/votre-evenement\\\/\"]}]},{\"@type\":\"BreadcrumbList\",\"@id\":\"https:\\\/\\\/www.labanque-sancerre.fr\\\/votre-evenement\\\/#breadcrumb\",\"itemListElement\":[{\"@type\":\"ListItem\",\"position\":1,\"name\":\"Accueil\",\"item\":\"https:\\\/\\\/www.labanque-sancerre.fr\\\/\"},{\"@type\":\"ListItem\",\"position\":2,\"name\":\"Votre \u00e9v\u00e9nement\"}]},{\"@type\":\"WebSite\",\"@id\":\"https:\\\/\\\/www.labanque-sancerre.fr\\\/#website\",\"url\":\"https:\\\/\\\/www.labanque-sancerre.fr\\\/\",\"name\":\"La Banque - Sancerre\",\"description\":\"La Banque, bar \u00e0 vins en plein coeur de Sancerre\",\"potentialAction\":[{\"@type\":\"SearchAction\",\"target\":{\"@type\":\"EntryPoint\",\"urlTemplate\":\"https:\\\/\\\/www.labanque-sancerre.fr\\\/?s={search_term_string}\"},\"query-input\":{\"@type\":\"PropertyValueSpecification\",\"valueRequired\":true,\"valueName\":\"search_term_string\"}}],\"inLanguage\":\"en-US\"}]}<\/script>\n<!-- \/ Yoast SEO plugin. -->","yoast_head_json":{"title":"Votre \u00e9v\u00e9nement sur mesure - La Banque - Sancerre","description":"S\u00e9minaires, privatisation du bar et \u00e9v\u00e8nements ext\u00e9rieurs autour de Sancerre, la banque s'adapte et donne vie \u00e0 vos projets \u00e9v\u00e8nementiels !","robots":{"index":"index","follow":"follow","max-snippet":"max-snippet:-1","max-image-preview":"max-image-preview:large","max-video-preview":"max-video-preview:-1"},"canonical":"https:\/\/www.labanque-sancerre.fr\/en\/votre-evenement\/","og_locale":"en_US","og_type":"article","og_title":"Votre \u00e9v\u00e9nement sur mesure - La Banque - Sancerre","og_description":"S\u00e9minaires, privatisation du bar et \u00e9v\u00e8nements ext\u00e9rieurs autour de Sancerre, la banque s'adapte et donne vie \u00e0 vos projets \u00e9v\u00e8nementiels !","og_url":"https:\/\/www.labanque-sancerre.fr\/en\/votre-evenement\/","og_site_name":"La Banque - Sancerre","article_modified_time":"2026-04-10T09:16:31+00:00","twitter_card":"summary_large_image","twitter_misc":{"Est. reading time":"2 minutes"},"schema":{"@context":"https:\/\/schema.org","@graph":[{"@type":"WebPage","@id":"https:\/\/www.labanque-sancerre.fr\/votre-evenement\/","url":"https:\/\/www.labanque-sancerre.fr\/votre-evenement\/","name":"Votre \u00e9v\u00e9nement sur mesure - La Banque - Sancerre","isPartOf":{"@id":"https:\/\/www.labanque-sancerre.fr\/#website"},"datePublished":"2025-12-08T16:00:24+00:00","dateModified":"2026-04-10T09:16:31+00:00","description":"S\u00e9minaires, privatisation du bar et \u00e9v\u00e8nements ext\u00e9rieurs autour de Sancerre, la banque s'adapte et donne vie \u00e0 vos projets \u00e9v\u00e8nementiels !","breadcrumb":{"@id":"https:\/\/www.labanque-sancerre.fr\/votre-evenement\/#breadcrumb"},"inLanguage":"en-US","potentialAction":[{"@type":"ReadAction","target":["https:\/\/www.labanque-sancerre.fr\/votre-evenement\/"]}]},{"@type":"BreadcrumbList","@id":"https:\/\/www.labanque-sancerre.fr\/votre-evenement\/#breadcrumb","itemListElement":[{"@type":"ListItem","position":1,"name":"Accueil","item":"https:\/\/www.labanque-sancerre.fr\/"},{"@type":"ListItem","position":2,"name":"Votre \u00e9v\u00e9nement"}]},{"@type":"WebSite","@id":"https:\/\/www.labanque-sancerre.fr\/#website","url":"https:\/\/www.labanque-sancerre.fr\/","name":"La Banque - Sancerre","description":"La Banque, bar \u00e0 vins en plein coeur de Sancerre","potentialAction":[{"@type":"SearchAction","target":{"@type":"EntryPoint","urlTemplate":"https:\/\/www.labanque-sancerre.fr\/?s={search_term_string}"},"query-input":{"@type":"PropertyValueSpecification","valueRequired":true,"valueName":"search_term_string"}}],"inLanguage":"en-US"}]}},"_links":{"self":[{"href":"https:\/\/www.labanque-sancerre.fr\/en\/wp-json\/wp\/v2\/pages\/116","targetHints":{"allow":["GET"]}}],"collection":[{"href":"https:\/\/www.labanque-sancerre.fr\/en\/wp-json\/wp\/v2\/pages"}],"about":[{"href":"https:\/\/www.labanque-sancerre.fr\/en\/wp-json\/wp\/v2\/types\/page"}],"author":[{"embeddable":true,"href":"https:\/\/www.labanque-sancerre.fr\/en\/wp-json\/wp\/v2\/users\/1"}],"replies":[{"embeddable":true,"href":"https:\/\/www.labanque-sancerre.fr\/en\/wp-json\/wp\/v2\/comments?post=116"}],"version-history":[{"count":100,"href":"https:\/\/www.labanque-sancerre.fr\/en\/wp-json\/wp\/v2\/pages\/116\/revisions"}],"predecessor-version":[{"id":3559,"href":"https:\/\/www.labanque-sancerre.fr\/en\/wp-json\/wp\/v2\/pages\/116\/revisions\/3559"}],"wp:attachment":[{"href":"https:\/\/www.labanque-sancerre.fr\/en\/wp-json\/wp\/v2\/media?parent=116"}],"curies":[{"name":"wp","href":"https:\/\/api.w.org\/{rel}","templated":true}]}}